{"id":30,"date":"2022-08-17T20:11:40","date_gmt":"2022-08-17T20:11:40","guid":{"rendered":"https:\/\/lckdnlded.com\/?page_id=30"},"modified":"2026-04-14T14:42:11","modified_gmt":"2026-04-14T14:42:11","slug":"retailers","status":"publish","type":"page","link":"https:\/\/lckdnlded.com\/fr\/retailers\/","title":{"rendered":"O\u00f9 acheter"},"content":{"rendered":"<div data-elementor-type=\"wp-page\" data-elementor-id=\"30\" class=\"elementor elementor-30\">\n\t\t\t\t\t\t<section class=\"elementor-section elementor-top-section elementor-element elementor-element-544f674 elementor-section-boxed elementor-section-height-default elementor-section-height-default\" data-id=\"544f674\" data-element_type=\"section\" data-e-type=\"section\">\n\t\t\t\t\t\t<div class=\"elementor-container elementor-column-gap-default\">\n\t\t\t\t\t<div class=\"elementor-column elementor-col-100 elementor-top-column elementor-element elementor-element-33146f9c\" data-id=\"33146f9c\" data-element_type=\"column\" data-e-type=\"column\">\n\t\t\t<div class=\"elementor-widget-wrap elementor-element-populated\">\n\t\t\t\t\t\t<div class=\"elementor-element elementor-element-7ced3528 elementor-widget elementor-widget-text-editor\" data-id=\"7ced3528\" data-element_type=\"widget\" data-e-type=\"widget\" data-widget_type=\"text-editor.default\">\n\t\t\t\t<div class=\"elementor-widget-container\">\n\t\t\t\t\t\t\t\t\t<p>Nous visons \u00e0 offrir la meilleure exp\u00e9rience client gr\u00e2ce \u00e0 une approche directe au consommateur\u2014sur rendez-vous uniquement\u2014directement depuis notre bureau \u00e0 Sainte-Ad\u00e8le, Qu\u00e9bec, Canada.<\/p>\n<p><!-- \/wp:paragraph --><!-- wp:paragraph --><\/p>\n<p>Nos clients ont d\u00e9sormais deux options : ils peuvent choisir parmi nos ensembles pr\u00e9assembl\u00e9s pr\u00eats \u00e0 rouler, ou opter pour une exp\u00e9rience enti\u00e8rement personnalis\u00e9e, en s\u00e9lectionnant chaque d\u00e9tail, de la peinture aux composants disponibles aupr\u00e8s de nos fournisseurs.<\/p>\n<p><!-- \/wp:paragraph --><!-- wp:paragraph {\"textColor\":\"black\"} --><\/p>\n<p class=\"has-black-color has-text-color\">Vous aimeriez venir \u00e0 notre bureau? Envoyez-nous un message <strong><a href=\"https:\/\/lckdnlded.com\/fr\/contact\/\" target=\"_blank\" rel=\"noreferrer noopener\">ici<\/a><\/strong><\/p>\n<p class=\"has-black-color has-text-color\">\u00a0<\/p>\n<p><!-- \/wp:paragraph --><!-- wp:paragraph --><\/p>\n<p><!-- \/wp:paragraph --><!-- wp:paragraph --><\/p>\n<p><!-- \/wp:paragraph --><\/p>\t\t\t\t\t\t\t\t<\/div>\n\t\t\t\t<\/div>\n\t\t\t\t\t<\/div>\n\t\t<\/div>\n\t\t\t\t\t<\/div>\n\t\t<\/section>\n\t\t\t\t<section class=\"elementor-section elementor-top-section elementor-element elementor-element-7cf43a4 elementor-section-boxed elementor-section-height-default elementor-section-height-default\" data-id=\"7cf43a4\" data-element_type=\"section\" data-e-type=\"section\">\n\t\t\t\t\t\t<div class=\"elementor-container elementor-column-gap-default\">\n\t\t\t\t\t<div class=\"elementor-column elementor-col-100 elementor-top-column elementor-element elementor-element-ddf0598\" data-id=\"ddf0598\" data-element_type=\"column\" data-e-type=\"column\">\n\t\t\t<div class=\"elementor-widget-wrap elementor-element-populated\">\n\t\t\t\t\t\t<div class=\"elementor-element elementor-element-81a1b7f elementor-widget elementor-widget-google_maps\" data-id=\"81a1b7f\" data-element_type=\"widget\" data-e-type=\"widget\" data-widget_type=\"google_maps.default\">\n\t\t\t\t<div class=\"elementor-widget-container\">\n\t\t\t\t\t\t\t<div class=\"elementor-custom-embed\">\n\t\t\t<iframe loading=\"lazy\"\n\t\t\t\t\tsrc=\"https:\/\/maps.google.com\/maps?q=2685%20Rue%20Rolland%20Sainte-Ad%C3%A8le&#038;t=m&#038;z=14&#038;output=embed&#038;iwloc=near\"\n\t\t\t\t\ttitle=\"2685 Rue Rolland Sainte-Ad\u00e8le\"\n\t\t\t\t\taria-label=\"2685 Rue Rolland Sainte-Ad\u00e8le\"\n\t\t\t><\/iframe>\n\t\t<\/div>\n\t\t\t\t\t\t<\/div>\n\t\t\t\t<\/div>\n\t\t\t\t\t<\/div>\n\t\t<\/div>\n\t\t\t\t\t<\/div>\n\t\t<\/section>\n\t\t\t\t<\/div>","protected":false},"excerpt":{"rendered":"<p>We aim to provide the best client experience through a direct-to-consumer approach\u2014by appointment only\u2014right from our office in Sainte-Ad\u00e8le, Qu\u00e9bec, Canada. Our clients now have two options: they can choose from our pre-assembled, ready-to-go packages or opt for a fully custom experience, selecting everything from the paint to the components available from our suppliers. Want &hellip; <\/p>\n<p class=\"link-more\"><a href=\"https:\/\/lckdnlded.com\/fr\/retailers\/\" class=\"more-link\">Read more<span class=\"screen-reader-text\"> &#8220;Where to buy&#8221;<\/span><\/a><\/p>","protected":false},"author":1,"featured_media":0,"parent":0,"menu_order":0,"comment_status":"closed","ping_status":"closed","template":"","meta":{"om_disable_all_campaigns":false,"_monsterinsights_skip_tracking":false,"_monsterinsights_sitenote_active":false,"_monsterinsights_sitenote_note":"","_monsterinsights_sitenote_category":0,"inspiro_hide_title":false,"footnotes":""},"class_list":["post-30","page","type-page","status-publish","hentry"],"aioseo_notices":[],"featured_media_urls":[],"brizy_media":[],"_links":{"self":[{"href":"https:\/\/lckdnlded.com\/fr\/wp-json\/wp\/v2\/pages\/30","targetHints":{"allow":["GET"]}}],"collection":[{"href":"https:\/\/lckdnlded.com\/fr\/wp-json\/wp\/v2\/pages"}],"about":[{"href":"https:\/\/lckdnlded.com\/fr\/wp-json\/wp\/v2\/types\/page"}],"author":[{"embeddable":true,"href":"https:\/\/lckdnlded.com\/fr\/wp-json\/wp\/v2\/users\/1"}],"replies":[{"embeddable":true,"href":"https:\/\/lckdnlded.com\/fr\/wp-json\/wp\/v2\/comments?post=30"}],"version-history":[{"count":5,"href":"https:\/\/lckdnlded.com\/fr\/wp-json\/wp\/v2\/pages\/30\/revisions"}],"predecessor-version":[{"id":7151,"href":"https:\/\/lckdnlded.com\/fr\/wp-json\/wp\/v2\/pages\/30\/revisions\/7151"}],"wp:attachment":[{"href":"https:\/\/lckdnlded.com\/fr\/wp-json\/wp\/v2\/media?parent=30"}],"curies":[{"name":"wp","href":"https:\/\/api.w.org\/{rel}","templated":true}]}}