{"id":6967,"date":"2025-02-20T16:13:19","date_gmt":"2025-02-20T16:13:19","guid":{"rendered":"https:\/\/lckdnlded.com\/?page_id=6967"},"modified":"2026-04-21T13:16:27","modified_gmt":"2026-04-21T13:16:27","slug":"scotch","status":"publish","type":"page","link":"https:\/\/lckdnlded.com\/fr\/scotch\/","title":{"rendered":"SCOTCH"},"content":{"rendered":"<figure class=\"wp-block-image aligncenter size-large is-resized\"><img fetchpriority=\"high\" decoding=\"async\" width=\"1024\" height=\"576\" src=\"https:\/\/lckdnlded.com\/wp-content\/uploads\/2025\/03\/rezoomed_frameset-1024x576.jpg\" alt=\"\" class=\"wp-image-6999\" style=\"width:779px;height:auto\" srcset=\"https:\/\/lckdnlded.com\/wp-content\/uploads\/2025\/03\/rezoomed_frameset-1024x576.jpg 1024w, https:\/\/lckdnlded.com\/wp-content\/uploads\/2025\/03\/rezoomed_frameset-300x169.jpg 300w, https:\/\/lckdnlded.com\/wp-content\/uploads\/2025\/03\/rezoomed_frameset-18x10.jpg 18w, https:\/\/lckdnlded.com\/wp-content\/uploads\/2025\/03\/rezoomed_frameset-600x338.jpg 600w, https:\/\/lckdnlded.com\/wp-content\/uploads\/2025\/03\/rezoomed_frameset-1200x675.jpg 1200w, https:\/\/lckdnlded.com\/wp-content\/uploads\/2025\/03\/rezoomed_frameset.jpg 1280w\" sizes=\"(max-width: 1024px) 100vw, 1024px\" \/><\/figure>\n\n\n\n<p>Fabriqu\u00e9s en fibre de carbone Toray 700 \u00e0 haut module et moul\u00e9s \u00e0 l'aide d'un mandrin en latex 3D, nous sommes en mesure de fournir des parois int\u00e9rieures plus lisses et une \u00e9paisseur uniforme.<\/p>\n\n\n\n<h2 class=\"wp-block-heading has-text-align-center\">Quoi de neuf avec ce mod\u00e8le?<\/h2>\n\n\n\n<ul class=\"wp-block-list\">\n<li><strong>Compatibilit\u00e9 avec des pneus 700\u00d750<\/strong>&nbsp;\u2013 S'adapter aux exigences du march\u00e9 pour une plus grande polyvalence.<\/li>\n\n\n\n<li><strong>Supports de garde-boue robustes<\/strong>&nbsp;\u2013 Con\u00e7u pour la durabilit\u00e9 dans toutes les conditions.<\/li>\n\n\n\n<li><strong>Bo\u00eetier de p\u00e9dalier BSA<\/strong>&nbsp;\u2013 Pour la fiabilit\u00e9 et la facilit\u00e9 d'entretien.<\/li>\n\n\n\n<li><strong>Patte de d\u00e9railleur UDH<\/strong>&nbsp;\u2013 Garantissant la compatibilit\u00e9 future et des remplacements faciles.<\/li>\n<\/ul>\n\n\n\n<h2 class=\"wp-block-heading has-text-align-center\">Pourquoi s'appelle-t-il le Scotch ?<\/h2>\n\n\n\n<p>Le nom rend hommage \u00e0 l'importance historique des colons \u00e9cossais dans notre r\u00e9gion et \u00e0 l'une des routes gravel les plus embl\u00e9matiques de la r\u00e9gion \u2013&nbsp;<strong>Le chemin Scotch<\/strong>.<\/p>\n\n\n\n<p>D\u00e9couvrez l'histoire de la route Scotch ici :<br><a href=\"https:\/\/en.wikipedia.org\/wiki\/Scotch_Road\" target=\"_blank\" rel=\"noreferrer noopener\">https:\/\/en.wikipedia.org\/wiki\/Scotch_Road<\/a><\/p>\n\n\n\n<h2 class=\"wp-block-heading has-text-align-center\">Nous ne faisons pas de compromis sur les composantes.<\/h2>\n\n\n\n<h2 class=\"wp-block-heading has-text-align-center\"><a href=\"https:\/\/www.sram.com\/en\/sram\/gravel\/series\/apex\" target=\"_blank\" rel=\"noopener\" title=\"\">Sram Apex XPLR, le choix \u00e9vident<\/a>&nbsp;<\/h2>\n\n\n\n<figure class=\"wp-block-image aligncenter size-full is-resized\"><a href=\"https:\/\/www.sram.com\/en\/sram\/gravel\/series\/apex\" target=\"_blank\" rel=\" noreferrer noopener\"><img decoding=\"async\" width=\"1800\" height=\"1553\" src=\"https:\/\/lckdnlded.com\/wp-content\/uploads\/2025\/12\/sram-apex-eagle-groupset-12s-1528777-1.jpg\" alt=\"\" class=\"wp-image-7063\" style=\"aspect-ratio:1.1590528365101644;width:714px;height:auto\" srcset=\"https:\/\/lckdnlded.com\/wp-content\/uploads\/2025\/12\/sram-apex-eagle-groupset-12s-1528777-1.jpg 1800w, https:\/\/lckdnlded.com\/wp-content\/uploads\/2025\/12\/sram-apex-eagle-groupset-12s-1528777-1-300x259.jpg 300w, https:\/\/lckdnlded.com\/wp-content\/uploads\/2025\/12\/sram-apex-eagle-groupset-12s-1528777-1-1024x883.jpg 1024w, https:\/\/lckdnlded.com\/wp-content\/uploads\/2025\/12\/sram-apex-eagle-groupset-12s-1528777-1-14x12.jpg 14w\" sizes=\"(max-width: 1800px) 100vw, 1800px\" \/><\/a><\/figure>\n\n\n\n<p>Apex est le groupe qui sait s\u2019amuser. Une transmission 1\u00d712 \u00e0 large plage pour le gravel, le bikepacking, l\u2019aventure, les balades tranquilles et tout ce qui se trouve entre les deux. Avec le changement m\u00e9canique DoubleTap et la transmission Eagle, Apex vous relie \u00e0 votre v\u00e9lo gr\u00e2ce \u00e0 des passages de vitesses fluides et fiables, une bonne r\u00e9tention de cha\u00eene et un freinage hydraulique contr\u00f4l\u00e9 et puissant. Apex est simple \u00e0 comprendre et facile \u00e0 utiliser, permettant de se concentrer sur l\u2019essentiel : trouver le plaisir.<\/p>\n\n\n\n<figure class=\"wp-block-image aligncenter size-full\"><a href=\"https:\/\/www.fsaproshop.com\/products\/team-i23-aero-gravel-wheelset?_pos=3&amp;_fid=d6abdf0ca&amp;_ss=c\" target=\"_blank\" rel=\" noreferrer noopener\"><img decoding=\"async\" width=\"713\" height=\"472\" src=\"https:\/\/lckdnlded.com\/wp-content\/uploads\/2025\/12\/media_5b95ca40-ca21-49f5-b6a3-92812bcb5274.jpg\" alt=\"\" class=\"wp-image-7060\" srcset=\"https:\/\/lckdnlded.com\/wp-content\/uploads\/2025\/12\/media_5b95ca40-ca21-49f5-b6a3-92812bcb5274.jpg 713w, https:\/\/lckdnlded.com\/wp-content\/uploads\/2025\/12\/media_5b95ca40-ca21-49f5-b6a3-92812bcb5274-300x199.jpg 300w, https:\/\/lckdnlded.com\/wp-content\/uploads\/2025\/12\/media_5b95ca40-ca21-49f5-b6a3-92812bcb5274-18x12.jpg 18w\" sizes=\"(max-width: 713px) 100vw, 713px\" \/><\/a><\/figure>\n\n\n\n<h2 class=\"wp-block-heading has-text-align-center\"><a href=\"https:\/\/www.fsaproshop.com\/products\/team-i23-aero-gravel-wheelset?_pos=3&amp;_fid=d6abdf0ca&amp;_ss=c\" target=\"_blank\" rel=\"noopener\" title=\"\">Roues Vision Team i23 Aero<\/a><\/h2>\n\n\n\n<p>Le jeu de roues Vision Team Aero Gravel i23 est con\u00e7u pour les cyclistes qui exigent efficacit\u00e9 et fiabilit\u00e9 sur le gravel, le cyclocross et les routes mixtes. Dot\u00e9 d\u2019une jante en aluminium semi-a\u00e9rodynamique d\u2019une largeur interne de 23 millim\u00e8tres, il offre un \u00e9quilibre s\u00fbr entre vitesse, stabilit\u00e9 et confort, le rendant id\u00e9al pour les longues sorties et les terrains vari\u00e9s.\n\nAssembl\u00e9 \u00e0 la main avec des moyeux en aluminium usin\u00e9s CNC et des roulements \u00e0 cartouche \u00e9tanches, le Team Aero Gravel i23 est pr\u00eat pour le tubeless et con\u00e7u pour les v\u00e9los gravel modernes \u00e0 freins \u00e0 disque. Que ce soit pour encha\u00eener des routes gravel rapides, affronter des sections plus difficiles ou se pr\u00e9parer pour une course de cyclocross, ce jeu de roues offre des performances fiables dans un ensemble en aluminium polyvalent.<\/p>\n\n\n\n<p>Assembl\u00e9 \u00e0 la main avec des moyeux en aluminium usin\u00e9s CNC et des roulements \u00e0 cartouche \u00e9tanches, le Team Aero Gravel i23 est pr\u00eat pour le tubeless et con\u00e7u pour les v\u00e9los gravel modernes \u00e0 freins \u00e0 disque. Que ce soit pour encha\u00eener des routes gravel rapides, affronter des sections plus difficiles ou se pr\u00e9parer pour une course de cyclocross, ce jeu de roues offre des performances fiables dans un ensemble en aluminium polyvalent.<\/p>\n\n\n\n<figure class=\"wp-block-gallery has-nested-images columns-default is-cropped wp-block-gallery-1 is-layout-flex wp-block-gallery-is-layout-flex\">\n<figure class=\"wp-block-image size-full\"><a href=\"https:\/\/www.fsaproshop.com\/search?q=agx&amp;options%5Bprefix%5D=last\" target=\"_blank\" rel=\" noreferrer noopener\"><img loading=\"lazy\" decoding=\"async\" width=\"713\" height=\"654\" data-id=\"7054\" src=\"https:\/\/lckdnlded.com\/wp-content\/uploads\/2025\/12\/media_2a109794-31c2-4f78-bcb3-9cec483a585f.webp\" alt=\"\" class=\"wp-image-7054\" srcset=\"https:\/\/lckdnlded.com\/wp-content\/uploads\/2025\/12\/media_2a109794-31c2-4f78-bcb3-9cec483a585f.webp 713w, https:\/\/lckdnlded.com\/wp-content\/uploads\/2025\/12\/media_2a109794-31c2-4f78-bcb3-9cec483a585f-300x275.webp 300w, https:\/\/lckdnlded.com\/wp-content\/uploads\/2025\/12\/media_2a109794-31c2-4f78-bcb3-9cec483a585f-13x12.webp 13w\" sizes=\"(max-width: 713px) 100vw, 713px\" \/><\/a><\/figure>\n\n\n\n<figure class=\"wp-block-image size-full\"><a href=\"https:\/\/www.fsaproshop.com\/search?q=agx&amp;options%5Bprefix%5D=last\" target=\"_blank\" rel=\" noreferrer noopener\"><img loading=\"lazy\" decoding=\"async\" width=\"713\" height=\"654\" data-id=\"7052\" src=\"https:\/\/lckdnlded.com\/wp-content\/uploads\/2025\/12\/media_41410637-7953-490e-93a9-d4a3eccb8203.webp\" alt=\"\" class=\"wp-image-7052\" srcset=\"https:\/\/lckdnlded.com\/wp-content\/uploads\/2025\/12\/media_41410637-7953-490e-93a9-d4a3eccb8203.webp 713w, https:\/\/lckdnlded.com\/wp-content\/uploads\/2025\/12\/media_41410637-7953-490e-93a9-d4a3eccb8203-300x275.webp 300w, https:\/\/lckdnlded.com\/wp-content\/uploads\/2025\/12\/media_41410637-7953-490e-93a9-d4a3eccb8203-13x12.webp 13w\" sizes=\"(max-width: 713px) 100vw, 713px\" \/><\/a><\/figure>\n\n\n\n<figure class=\"wp-block-image size-full\"><a href=\"https:\/\/www.fsaproshop.com\/search?q=agx&amp;options%5Bprefix%5D=last\" target=\"_blank\" rel=\" noreferrer noopener\"><img loading=\"lazy\" decoding=\"async\" width=\"713\" height=\"654\" data-id=\"7053\" src=\"https:\/\/lckdnlded.com\/wp-content\/uploads\/2025\/12\/media_c6dec4e5-2741-442c-9479-e4e69aa1c307.webp\" alt=\"\" class=\"wp-image-7053\" srcset=\"https:\/\/lckdnlded.com\/wp-content\/uploads\/2025\/12\/media_c6dec4e5-2741-442c-9479-e4e69aa1c307.webp 713w, https:\/\/lckdnlded.com\/wp-content\/uploads\/2025\/12\/media_c6dec4e5-2741-442c-9479-e4e69aa1c307-300x275.webp 300w, https:\/\/lckdnlded.com\/wp-content\/uploads\/2025\/12\/media_c6dec4e5-2741-442c-9479-e4e69aa1c307-13x12.webp 13w\" sizes=\"(max-width: 713px) 100vw, 713px\" \/><\/a><\/figure>\n<\/figure>\n\n\n\n<h2 class=\"wp-block-heading has-text-align-center\"><a href=\"https:\/\/www.fsaproshop.com\/search?q=agx&amp;options%5Bprefix%5D=last\" target=\"_blank\" rel=\"noopener\" title=\"\">Guidon, potence et tige de selle FSA AGX<\/a><\/h2>\n\n\n\n<p>Pour les cyclistes en qu\u00eate de routes et de sentiers moins fr\u00e9quent\u00e9s, les composants AGX de FSA offrent les meilleures performances pour l\u2019aventure, le gravel et le cyclocross. Compos\u00e9s de produits solidement construits gr\u00e2ce \u00e0 une technologie avanc\u00e9e des alliages m\u00e9talliques et \u00e0 des proc\u00e9d\u00e9s de fabrication \u00e0 la fine pointe, le groupe de composants et de roues AGX illustre l\u2019\u00e9tendue des avanc\u00e9es de FSA en mati\u00e8re de d\u00e9veloppement de produits.<\/p>\n\n\n\n<figure class=\"wp-block-gallery has-nested-images columns-default is-cropped wp-block-gallery-2 is-layout-flex wp-block-gallery-is-layout-flex\">\n<figure class=\"wp-block-image size-large\"><a href=\"https:\/\/www.wtb.com\/collections\/gravel-bike-saddles\/products\/silverado\" target=\"_blank\" rel=\" noreferrer noopener\"><img loading=\"lazy\" decoding=\"async\" width=\"1024\" height=\"683\" data-id=\"7048\" src=\"https:\/\/lckdnlded.com\/wp-content\/uploads\/2025\/12\/Silverado265MediumFusionTitaniumBlackSaddleangle_1024x1024.webp\" alt=\"\" class=\"wp-image-7048\" srcset=\"https:\/\/lckdnlded.com\/wp-content\/uploads\/2025\/12\/Silverado265MediumFusionTitaniumBlackSaddleangle_1024x1024.webp 1024w, https:\/\/lckdnlded.com\/wp-content\/uploads\/2025\/12\/Silverado265MediumFusionTitaniumBlackSaddleangle_1024x1024-300x200.webp 300w, https:\/\/lckdnlded.com\/wp-content\/uploads\/2025\/12\/Silverado265MediumFusionTitaniumBlackSaddleangle_1024x1024-600x400.webp 600w, https:\/\/lckdnlded.com\/wp-content\/uploads\/2025\/12\/Silverado265MediumFusionTitaniumBlackSaddleangle_1024x1024-18x12.webp 18w\" sizes=\"(max-width: 1024px) 100vw, 1024px\" \/><\/a><\/figure>\n\n\n\n<figure class=\"wp-block-image size-large\"><a href=\"https:\/\/www.wtb.com\/collections\/gravel-cx\/products\/resolute\" target=\"_blank\" rel=\" noreferrer noopener\"><img loading=\"lazy\" decoding=\"async\" width=\"1024\" height=\"683\" data-id=\"7153\" src=\"https:\/\/lckdnlded.com\/wp-content\/uploads\/2026\/04\/20200326_Resolute42_700_TCSLFR_tanwall_ISO-1024x683.webp\" alt=\"\" class=\"wp-image-7153\" srcset=\"https:\/\/lckdnlded.com\/wp-content\/uploads\/2026\/04\/20200326_Resolute42_700_TCSLFR_tanwall_ISO-1024x683.webp 1024w, https:\/\/lckdnlded.com\/wp-content\/uploads\/2026\/04\/20200326_Resolute42_700_TCSLFR_tanwall_ISO-300x200.webp 300w, https:\/\/lckdnlded.com\/wp-content\/uploads\/2026\/04\/20200326_Resolute42_700_TCSLFR_tanwall_ISO-18x12.webp 18w, https:\/\/lckdnlded.com\/wp-content\/uploads\/2026\/04\/20200326_Resolute42_700_TCSLFR_tanwall_ISO.webp 1600w\" sizes=\"(max-width: 1024px) 100vw, 1024px\" \/><\/a><\/figure>\n<\/figure>\n\n\n\n<h2 class=\"wp-block-heading has-text-align-center\"><a href=\"https:\/\/www.wtb.com\/\" target=\"_blank\" rel=\"noopener\" title=\"\">WTB Resolute 700&#215;50 tires and Silverado Saddle <\/a><\/h2>\n\n\n\n<p>Le Resolute est le pneu de gravel ultime toutes conditions pour ceux qui ne veulent pas se compliquer la vie avec des pneus sp\u00e9cifiques \u00e0 chaque saison. Ses petits crampons carr\u00e9s offrent une adh\u00e9rence constante sur une grande vari\u00e9t\u00e9 de terrains, tandis que les espaces g\u00e9n\u00e9reux entre ceux-ci emp\u00eachent l\u2019accumulation de boue lorsque les conditions deviennent plus int\u00e9ressantes (c\u2019est-\u00e0-dire humides). V\u00e9ritablement con\u00e7u pour une utilisation quatre saisons, le Resolute, avec sa largeur de 42 mm, est un pneu de gravel que l\u2019on installe une fois pour toutes, id\u00e9al pour affronter des routes sans fin et vallonn\u00e9es, peu importe la m\u00e9t\u00e9o.<\/p>\n\n\n\n<p class=\"has-text-align-center\">La selle Silverado mise \u00e0 jour compl\u00e8te parfaitement le Resolute. Avec ses 265 millim\u00e8tres, elle int\u00e8gre la technologie Fusion Form, qui optimise la base en nylon afin d\u2019offrir un \u00e9quilibre id\u00e9al entre confort, soutien et durabilit\u00e9. Le rembourrage est int\u00e9gr\u00e9 directement dans la base pour un look moderne et \u00e9pur\u00e9, sans compromettre le confort que les cyclistes connaissent et appr\u00e9cient.<\/p>\n\n\n\n<h2 class=\"wp-block-heading has-text-align-center has-black-color has-text-color\">Tableau des tailles<\/h2>\n\n\n\n<figure class=\"wp-block-image aligncenter size-large\"><img loading=\"lazy\" decoding=\"async\" width=\"1024\" height=\"727\" src=\"https:\/\/lckdnlded.com\/wp-content\/uploads\/2025\/02\/scotch_sizing-1024x727.jpg\" alt=\"\" class=\"wp-image-6971\" srcset=\"https:\/\/lckdnlded.com\/wp-content\/uploads\/2025\/02\/scotch_sizing-1024x727.jpg 1024w, https:\/\/lckdnlded.com\/wp-content\/uploads\/2025\/02\/scotch_sizing-300x213.jpg 300w, https:\/\/lckdnlded.com\/wp-content\/uploads\/2025\/02\/scotch_sizing-18x12.jpg 18w, https:\/\/lckdnlded.com\/wp-content\/uploads\/2025\/02\/scotch_sizing.jpg 1217w\" sizes=\"(max-width: 1024px) 100vw, 1024px\" \/><\/figure>\n\n\n\n<p>Veuillez nous contacter pour plus de d\u00e9tails \u00e0&nbsp;<a href=\"mailto:info@lckdnlded.com\">info@lckdnlded.com<\/a><\/p>","protected":false},"excerpt":{"rendered":"<p>Made of high modulus Toray 1000 carbon fiber and molded with 3d latex mandrel technology, we are able to provide smoother inner walls and even thickness. What\u2019s new with this model? Why is it called the Scotch? The name pays tribute to the historical significance of Scottish settlers in our region and one of the &hellip; <\/p>\n<p class=\"link-more\"><a href=\"https:\/\/lckdnlded.com\/fr\/scotch\/\" class=\"more-link\">Read more<span class=\"screen-reader-text\"> &#8220;SCOTCH&#8221;<\/span><\/a><\/p>","protected":false},"author":1,"featured_media":6999,"parent":0,"menu_order":0,"comment_status":"closed","ping_status":"closed","template":"","meta":{"om_disable_all_campaigns":false,"_monsterinsights_skip_tracking":false,"_monsterinsights_sitenote_active":false,"_monsterinsights_sitenote_note":"","_monsterinsights_sitenote_category":0,"inspiro_hide_title":false,"footnotes":""},"class_list":["post-6967","page","type-page","status-publish","has-post-thumbnail","hentry"],"aioseo_notices":[],"featured_media_urls":{"thumbnail":["https:\/\/lckdnlded.com\/wp-content\/uploads\/2025\/03\/rezoomed_frameset-150x150.jpg",150,150,true],"medium":["https:\/\/lckdnlded.com\/wp-content\/uploads\/2025\/03\/rezoomed_frameset-300x169.jpg",300,169,true],"medium_large":["https:\/\/lckdnlded.com\/wp-content\/uploads\/2025\/03\/rezoomed_frameset.jpg",768,432,false],"large":["https:\/\/lckdnlded.com\/wp-content\/uploads\/2025\/03\/rezoomed_frameset-1024x576.jpg",950,534,true],"1536x1536":["https:\/\/lckdnlded.com\/wp-content\/uploads\/2025\/03\/rezoomed_frameset.jpg",1280,720,false],"2048x2048":["https:\/\/lckdnlded.com\/wp-content\/uploads\/2025\/03\/rezoomed_frameset.jpg",1280,720,false],"trp-custom-language-flag":["https:\/\/lckdnlded.com\/wp-content\/uploads\/2025\/03\/rezoomed_frameset-18x10.jpg",18,10,true],"inspiro-featured-image":["https:\/\/lckdnlded.com\/wp-content\/uploads\/2025\/03\/rezoomed_frameset.jpg",1280,720,false],"inspiro-loop":["https:\/\/lckdnlded.com\/wp-content\/uploads\/2025\/03\/rezoomed_frameset-950x320.jpg",950,320,true],"inspiro-loop@2x":["https:\/\/lckdnlded.com\/wp-content\/uploads\/2025\/03\/rezoomed_frameset-1280x640.jpg",1280,640,true],"portfolio_item-thumbnail":["https:\/\/lckdnlded.com\/wp-content\/uploads\/2025\/03\/rezoomed_frameset-600x400.jpg",600,400,true],"portfolio_item-thumbnail@2x":["https:\/\/lckdnlded.com\/wp-content\/uploads\/2025\/03\/rezoomed_frameset-1200x720.jpg",1200,720,true],"portfolio_item-masonry":["https:\/\/lckdnlded.com\/wp-content\/uploads\/2025\/03\/rezoomed_frameset-600x338.jpg",600,338,true],"portfolio_item-masonry@2x":["https:\/\/lckdnlded.com\/wp-content\/uploads\/2025\/03\/rezoomed_frameset-1200x675.jpg",1200,675,true],"portfolio_item-thumbnail_cinema":["https:\/\/lckdnlded.com\/wp-content\/uploads\/2025\/03\/rezoomed_frameset-800x335.jpg",800,335,true],"portfolio_item-thumbnail_portrait":["https:\/\/lckdnlded.com\/wp-content\/uploads\/2025\/03\/rezoomed_frameset-600x720.jpg",600,720,true],"portfolio_item-thumbnail_portrait@2x":["https:\/\/lckdnlded.com\/wp-content\/uploads\/2025\/03\/rezoomed_frameset-1200x720.jpg",1200,720,true],"portfolio_item-thumbnail_square":["https:\/\/lckdnlded.com\/wp-content\/uploads\/2025\/03\/rezoomed_frameset-800x720.jpg",800,720,true]},"brizy_media":[],"_links":{"self":[{"href":"https:\/\/lckdnlded.com\/fr\/wp-json\/wp\/v2\/pages\/6967","targetHints":{"allow":["GET"]}}],"collection":[{"href":"https:\/\/lckdnlded.com\/fr\/wp-json\/wp\/v2\/pages"}],"about":[{"href":"https:\/\/lckdnlded.com\/fr\/wp-json\/wp\/v2\/types\/page"}],"author":[{"embeddable":true,"href":"https:\/\/lckdnlded.com\/fr\/wp-json\/wp\/v2\/users\/1"}],"replies":[{"embeddable":true,"href":"https:\/\/lckdnlded.com\/fr\/wp-json\/wp\/v2\/comments?post=6967"}],"version-history":[{"count":5,"href":"https:\/\/lckdnlded.com\/fr\/wp-json\/wp\/v2\/pages\/6967\/revisions"}],"predecessor-version":[{"id":7155,"href":"https:\/\/lckdnlded.com\/fr\/wp-json\/wp\/v2\/pages\/6967\/revisions\/7155"}],"wp:featuredmedia":[{"embeddable":true,"href":"https:\/\/lckdnlded.com\/fr\/wp-json\/wp\/v2\/media\/6999"}],"wp:attachment":[{"href":"https:\/\/lckdnlded.com\/fr\/wp-json\/wp\/v2\/media?parent=6967"}],"curies":[{"name":"wp","href":"https:\/\/api.w.org\/{rel}","templated":true}]}}