{"id":7039,"date":"2025-12-31T15:49:11","date_gmt":"2025-12-31T15:49:11","guid":{"rendered":"https:\/\/lckdnlded.com\/?page_id=7039"},"modified":"2026-02-28T14:31:54","modified_gmt":"2026-02-28T14:31:54","slug":"newaygo","status":"publish","type":"page","link":"https:\/\/lckdnlded.com\/fr\/newaygo\/","title":{"rendered":"Newaygo"},"content":{"rendered":"<figure class=\"wp-block-image aligncenter size-large is-resized\"><img fetchpriority=\"high\" decoding=\"async\" width=\"1024\" height=\"576\" src=\"https:\/\/lckdnlded.com\/wp-content\/uploads\/2025\/12\/newaygo_allday_new-1024x576.jpg\" alt=\"\" class=\"wp-image-7080\" style=\"width:779px;height:auto\" srcset=\"https:\/\/lckdnlded.com\/wp-content\/uploads\/2025\/12\/newaygo_allday_new-1024x576.jpg 1024w, https:\/\/lckdnlded.com\/wp-content\/uploads\/2025\/12\/newaygo_allday_new-300x169.jpg 300w, https:\/\/lckdnlded.com\/wp-content\/uploads\/2025\/12\/newaygo_allday_new-18x10.jpg 18w, https:\/\/lckdnlded.com\/wp-content\/uploads\/2025\/12\/newaygo_allday_new-1536x864.jpg 1536w, https:\/\/lckdnlded.com\/wp-content\/uploads\/2025\/12\/newaygo_allday_new-600x338.jpg 600w, https:\/\/lckdnlded.com\/wp-content\/uploads\/2025\/12\/newaygo_allday_new-1200x675.jpg 1200w, https:\/\/lckdnlded.com\/wp-content\/uploads\/2025\/12\/newaygo_allday_new.jpg 1920w\" sizes=\"(max-width: 1024px) 100vw, 1024px\" \/><\/figure>\n\n\n\n<h4 class=\"wp-block-heading has-text-align-center\">Le Newaygo est con\u00e7u pour offrir l\u2019une des meilleures combinaisons prix, qualit\u00e9 et composants sur le march\u00e9 dans sa cat\u00e9gorie, en associant un cadre en aluminium 6061-T6 et une fourche en carbone \u00e0 une transmission, un ensemble de roues et des pneus haut de gamme afin d\u2019assurer performance, polyvalence et durabilit\u00e9.<\/h4>\n\n\n\n<h2 class=\"wp-block-heading has-text-align-center\">Quoi de neuf avec ce mod\u00e8le?<\/h2>\n\n\n\n<ul class=\"wp-block-list\">\n<li><strong>Compatibilit\u00e9 avec des pneus 700\u00d745<\/strong>&nbsp;\u2013 S'adapter aux exigences du march\u00e9 pour une plus grande polyvalence.<\/li>\n\n\n\n<li><strong>Fixations robustes pour garde-boue et porte-bagages.<\/strong>&nbsp;\u2013 Con\u00e7u pour la durabilit\u00e9 dans toutes les conditions.<\/li>\n\n\n\n<li><strong>Bo\u00eetier de p\u00e9dalier BSA<\/strong>&nbsp;\u2013 Pour la fiabilit\u00e9 et la facilit\u00e9 d'entretien.<\/li>\n\n\n\n<li><strong>Patte de d\u00e9railleur UDH<\/strong>&nbsp;\u2013 Garantissant la compatibilit\u00e9 future et des remplacements faciles.<\/li>\n<\/ul>\n\n\n\n<h2 class=\"wp-block-heading has-text-align-center\">Pourquoi s\u2019appelle-t-il le Newaygo ?<\/h2>\n\n\n\n<p>Un hommage \u00e0 l\u2019h\u00e9ritage ferroviaire historique et \u00e0 l\u2019aventure gravel des Laurentides. Le nom \u00ab\u202fNewaygo\u202f\u00bb rend hommage \u00e0 l\u2019histoire du Corridor a\u00e9robique, un parc lin\u00e9aire de 58 kilom\u00e8tres dans les Laurentides qui faisait autrefois partie d\u2019une ligne de chemin de fer active reliant les communaut\u00e9s de la r\u00e9gion. Le service ferroviaire assurait des trains de passagers, dont le dernier en 1962, traversant les vall\u00e9es et longeant le lac Saint-Fran\u00e7ois-Xavier avant que les rails ne soient retir\u00e9s et que le corridor ne soit transform\u00e9 en sentier r\u00e9cr\u00e9atif en 1996.<\/p>\n\n\n\n<p>Newaygo fait r\u00e9f\u00e9rence \u00e0 une ancienne gare et \u00e0 la r\u00e9gion environnante le long de cet itin\u00e9raire, un lieu qui incarne le mouvement, la transition et l\u2019esprit d\u2019exploration de ce corridor gravel embl\u00e9matique. Dans ce sens, le nom porte \u00e9galement une signification personnelle : \u00ab\u202fune nouvelle fa\u00e7on de passer, d\u2019avancer\u202f\u00bb, capturant l\u2019essence de la d\u00e9couverte et du mouvement vers l\u2019avant que repr\u00e9sente la pratique du gravel.<\/p>\n\n\n\n<p>En savoir plus sur l\u2019histoire de Newaygo ici :<br><a href=\"https:\/\/en.wikipedia.org\/wiki\/Scotch_Road\" target=\"_blank\" rel=\"noreferrer noopener\">https:\/\/baladodiscovery.es\/circuits\/1184\/poi\/13319\/newaygo<\/a><\/p>\n\n\n\n<h1 class=\"wp-block-heading has-text-align-center\">Nous ne faisons pas de compromis sur les composantes.<\/h1>\n\n\n\n<h2 class=\"wp-block-heading has-text-align-center\"><a href=\"https:\/\/www.sram.com\/en\/sram\/gravel\/series\/apex\" target=\"_blank\" rel=\"noopener\" title=\"\">Sram Apex XPLR, le choix \u00e9vident<\/a>&nbsp;<\/h2>\n\n\n\n<figure class=\"wp-block-image aligncenter size-full is-resized\"><a href=\"https:\/\/www.sram.com\/en\/sram\/gravel\/series\/apex\" target=\"_blank\" rel=\" noreferrer noopener\"><img decoding=\"async\" width=\"1800\" height=\"1553\" src=\"https:\/\/lckdnlded.com\/wp-content\/uploads\/2025\/12\/sram-apex-eagle-groupset-12s-1528777-1.jpg\" alt=\"\" class=\"wp-image-7063\" style=\"aspect-ratio:1.1590528365101644;width:714px;height:auto\" srcset=\"https:\/\/lckdnlded.com\/wp-content\/uploads\/2025\/12\/sram-apex-eagle-groupset-12s-1528777-1.jpg 1800w, https:\/\/lckdnlded.com\/wp-content\/uploads\/2025\/12\/sram-apex-eagle-groupset-12s-1528777-1-300x259.jpg 300w, https:\/\/lckdnlded.com\/wp-content\/uploads\/2025\/12\/sram-apex-eagle-groupset-12s-1528777-1-1024x883.jpg 1024w, https:\/\/lckdnlded.com\/wp-content\/uploads\/2025\/12\/sram-apex-eagle-groupset-12s-1528777-1-14x12.jpg 14w\" sizes=\"(max-width: 1800px) 100vw, 1800px\" \/><\/a><\/figure>\n\n\n\n<p>Apex est le groupe qui sait s\u2019amuser. Une transmission 1\u00d712 \u00e0 large plage pour le gravel, le bikepacking, l\u2019aventure, les balades tranquilles et tout ce qui se trouve entre les deux. Avec le changement m\u00e9canique DoubleTap et la transmission Eagle, Apex vous relie \u00e0 votre v\u00e9lo gr\u00e2ce \u00e0 des passages de vitesses fluides et fiables, une bonne r\u00e9tention de cha\u00eene et un freinage hydraulique contr\u00f4l\u00e9 et puissant. Apex est simple \u00e0 comprendre et facile \u00e0 utiliser, permettant de se concentrer sur l\u2019essentiel : trouver le plaisir.<\/p>\n\n\n\n<figure class=\"wp-block-image aligncenter size-full\"><a href=\"https:\/\/www.fsaproshop.com\/products\/team-i23-aero-gravel-wheelset?_pos=3&amp;_fid=d6abdf0ca&amp;_ss=c\" target=\"_blank\" rel=\" noreferrer noopener\"><img decoding=\"async\" width=\"713\" height=\"472\" src=\"https:\/\/lckdnlded.com\/wp-content\/uploads\/2025\/12\/media_5b95ca40-ca21-49f5-b6a3-92812bcb5274.jpg\" alt=\"\" class=\"wp-image-7060\" srcset=\"https:\/\/lckdnlded.com\/wp-content\/uploads\/2025\/12\/media_5b95ca40-ca21-49f5-b6a3-92812bcb5274.jpg 713w, https:\/\/lckdnlded.com\/wp-content\/uploads\/2025\/12\/media_5b95ca40-ca21-49f5-b6a3-92812bcb5274-300x199.jpg 300w, https:\/\/lckdnlded.com\/wp-content\/uploads\/2025\/12\/media_5b95ca40-ca21-49f5-b6a3-92812bcb5274-18x12.jpg 18w\" sizes=\"(max-width: 713px) 100vw, 713px\" \/><\/a><\/figure>\n\n\n\n<h2 class=\"wp-block-heading has-text-align-center\"><a href=\"https:\/\/www.fsaproshop.com\/products\/team-i23-aero-gravel-wheelset?_pos=3&amp;_fid=d6abdf0ca&amp;_ss=c\" target=\"_blank\" rel=\"noopener\" title=\"\">Roues Vision Team i23 Aero<\/a><\/h2>\n\n\n\n<p>Le jeu de roues Vision Team Aero Gravel i23 est con\u00e7u pour les cyclistes qui exigent efficacit\u00e9 et fiabilit\u00e9 sur le gravel, le cyclocross et les routes mixtes. Dot\u00e9 d\u2019une jante en aluminium semi-a\u00e9rodynamique d\u2019une largeur interne de 23 millim\u00e8tres, il offre un \u00e9quilibre s\u00fbr entre vitesse, stabilit\u00e9 et confort, le rendant id\u00e9al pour les longues sorties et les terrains vari\u00e9s.\n\nAssembl\u00e9 \u00e0 la main avec des moyeux en aluminium usin\u00e9s CNC et des roulements \u00e0 cartouche \u00e9tanches, le Team Aero Gravel i23 est pr\u00eat pour le tubeless et con\u00e7u pour les v\u00e9los gravel modernes \u00e0 freins \u00e0 disque. Que ce soit pour encha\u00eener des routes gravel rapides, affronter des sections plus difficiles ou se pr\u00e9parer pour une course de cyclocross, ce jeu de roues offre des performances fiables dans un ensemble en aluminium polyvalent.<\/p>\n\n\n\n<p>Assembl\u00e9 \u00e0 la main avec des moyeux en aluminium usin\u00e9s CNC et des roulements \u00e0 cartouche \u00e9tanches, le Team Aero Gravel i23 est pr\u00eat pour le tubeless et con\u00e7u pour les v\u00e9los gravel modernes \u00e0 freins \u00e0 disque. Que ce soit pour encha\u00eener des routes gravel rapides, affronter des sections plus difficiles ou se pr\u00e9parer pour une course de cyclocross, ce jeu de roues offre des performances fiables dans un ensemble en aluminium polyvalent.<\/p>\n\n\n\n<figure class=\"wp-block-gallery has-nested-images columns-default is-cropped wp-block-gallery-1 is-layout-flex wp-block-gallery-is-layout-flex\">\n<figure class=\"wp-block-image size-full\"><a href=\"https:\/\/www.fsaproshop.com\/search?q=agx&amp;options%5Bprefix%5D=last\" target=\"_blank\" rel=\" noreferrer noopener\"><img loading=\"lazy\" decoding=\"async\" width=\"713\" height=\"654\" data-id=\"7054\" src=\"https:\/\/lckdnlded.com\/wp-content\/uploads\/2025\/12\/media_2a109794-31c2-4f78-bcb3-9cec483a585f.webp\" alt=\"\" class=\"wp-image-7054\" srcset=\"https:\/\/lckdnlded.com\/wp-content\/uploads\/2025\/12\/media_2a109794-31c2-4f78-bcb3-9cec483a585f.webp 713w, https:\/\/lckdnlded.com\/wp-content\/uploads\/2025\/12\/media_2a109794-31c2-4f78-bcb3-9cec483a585f-300x275.webp 300w, https:\/\/lckdnlded.com\/wp-content\/uploads\/2025\/12\/media_2a109794-31c2-4f78-bcb3-9cec483a585f-13x12.webp 13w\" sizes=\"(max-width: 713px) 100vw, 713px\" \/><\/a><\/figure>\n\n\n\n<figure class=\"wp-block-image size-full\"><a href=\"https:\/\/www.fsaproshop.com\/search?q=agx&amp;options%5Bprefix%5D=last\" target=\"_blank\" rel=\" noreferrer noopener\"><img loading=\"lazy\" decoding=\"async\" width=\"713\" height=\"654\" data-id=\"7052\" src=\"https:\/\/lckdnlded.com\/wp-content\/uploads\/2025\/12\/media_41410637-7953-490e-93a9-d4a3eccb8203.webp\" alt=\"\" class=\"wp-image-7052\" srcset=\"https:\/\/lckdnlded.com\/wp-content\/uploads\/2025\/12\/media_41410637-7953-490e-93a9-d4a3eccb8203.webp 713w, https:\/\/lckdnlded.com\/wp-content\/uploads\/2025\/12\/media_41410637-7953-490e-93a9-d4a3eccb8203-300x275.webp 300w, https:\/\/lckdnlded.com\/wp-content\/uploads\/2025\/12\/media_41410637-7953-490e-93a9-d4a3eccb8203-13x12.webp 13w\" sizes=\"(max-width: 713px) 100vw, 713px\" \/><\/a><\/figure>\n\n\n\n<figure class=\"wp-block-image size-full\"><a href=\"https:\/\/www.fsaproshop.com\/search?q=agx&amp;options%5Bprefix%5D=last\" target=\"_blank\" rel=\" noreferrer noopener\"><img loading=\"lazy\" decoding=\"async\" width=\"713\" height=\"654\" data-id=\"7053\" src=\"https:\/\/lckdnlded.com\/wp-content\/uploads\/2025\/12\/media_c6dec4e5-2741-442c-9479-e4e69aa1c307.webp\" alt=\"\" class=\"wp-image-7053\" srcset=\"https:\/\/lckdnlded.com\/wp-content\/uploads\/2025\/12\/media_c6dec4e5-2741-442c-9479-e4e69aa1c307.webp 713w, https:\/\/lckdnlded.com\/wp-content\/uploads\/2025\/12\/media_c6dec4e5-2741-442c-9479-e4e69aa1c307-300x275.webp 300w, https:\/\/lckdnlded.com\/wp-content\/uploads\/2025\/12\/media_c6dec4e5-2741-442c-9479-e4e69aa1c307-13x12.webp 13w\" sizes=\"(max-width: 713px) 100vw, 713px\" \/><\/a><\/figure>\n<\/figure>\n\n\n\n<h2 class=\"wp-block-heading has-text-align-center\"><a href=\"https:\/\/www.fsaproshop.com\/search?q=agx&amp;options%5Bprefix%5D=last\" target=\"_blank\" rel=\"noopener\" title=\"\">Guidon, potence et tige de selle FSA AGX<\/a><\/h2>\n\n\n\n<p>Pour les cyclistes en qu\u00eate de routes et de sentiers moins fr\u00e9quent\u00e9s, les composants AGX de FSA offrent les meilleures performances pour l\u2019aventure, le gravel et le cyclocross. Compos\u00e9s de produits solidement construits gr\u00e2ce \u00e0 une technologie avanc\u00e9e des alliages m\u00e9talliques et \u00e0 des proc\u00e9d\u00e9s de fabrication \u00e0 la fine pointe, le groupe de composants et de roues AGX illustre l\u2019\u00e9tendue des avanc\u00e9es de FSA en mati\u00e8re de d\u00e9veloppement de produits.<\/p>\n\n\n\n<figure class=\"wp-block-gallery has-nested-images columns-default is-cropped wp-block-gallery-2 is-layout-flex wp-block-gallery-is-layout-flex\">\n<figure class=\"wp-block-image size-large\"><a href=\"https:\/\/www.wtb.com\/collections\/gravel-bike-saddles\/products\/silverado\" target=\"_blank\" rel=\" noreferrer noopener\"><img loading=\"lazy\" decoding=\"async\" width=\"1024\" height=\"683\" data-id=\"7048\" src=\"https:\/\/lckdnlded.com\/wp-content\/uploads\/2025\/12\/Silverado265MediumFusionTitaniumBlackSaddleangle_1024x1024.webp\" alt=\"\" class=\"wp-image-7048\" srcset=\"https:\/\/lckdnlded.com\/wp-content\/uploads\/2025\/12\/Silverado265MediumFusionTitaniumBlackSaddleangle_1024x1024.webp 1024w, https:\/\/lckdnlded.com\/wp-content\/uploads\/2025\/12\/Silverado265MediumFusionTitaniumBlackSaddleangle_1024x1024-300x200.webp 300w, https:\/\/lckdnlded.com\/wp-content\/uploads\/2025\/12\/Silverado265MediumFusionTitaniumBlackSaddleangle_1024x1024-600x400.webp 600w, https:\/\/lckdnlded.com\/wp-content\/uploads\/2025\/12\/Silverado265MediumFusionTitaniumBlackSaddleangle_1024x1024-18x12.webp 18w\" sizes=\"(max-width: 1024px) 100vw, 1024px\" \/><\/a><\/figure>\n\n\n\n<figure class=\"wp-block-image size-large\"><a href=\"https:\/\/www.wtb.com\/collections\/gravel-cx\/products\/riddler700c\" target=\"_blank\" rel=\" noreferrer noopener\"><img loading=\"lazy\" decoding=\"async\" width=\"1024\" height=\"683\" data-id=\"7049\" src=\"https:\/\/lckdnlded.com\/wp-content\/uploads\/2025\/12\/20200326_Riddler45_TCS_LFR_tanwall_ISO_8c320008-a5d8-490b-9147-5e2fb203a88b_1024x1024.webp\" alt=\"\" class=\"wp-image-7049\" srcset=\"https:\/\/lckdnlded.com\/wp-content\/uploads\/2025\/12\/20200326_Riddler45_TCS_LFR_tanwall_ISO_8c320008-a5d8-490b-9147-5e2fb203a88b_1024x1024.webp 1024w, https:\/\/lckdnlded.com\/wp-content\/uploads\/2025\/12\/20200326_Riddler45_TCS_LFR_tanwall_ISO_8c320008-a5d8-490b-9147-5e2fb203a88b_1024x1024-300x200.webp 300w, https:\/\/lckdnlded.com\/wp-content\/uploads\/2025\/12\/20200326_Riddler45_TCS_LFR_tanwall_ISO_8c320008-a5d8-490b-9147-5e2fb203a88b_1024x1024-600x400.webp 600w, https:\/\/lckdnlded.com\/wp-content\/uploads\/2025\/12\/20200326_Riddler45_TCS_LFR_tanwall_ISO_8c320008-a5d8-490b-9147-5e2fb203a88b_1024x1024-18x12.webp 18w\" sizes=\"(max-width: 1024px) 100vw, 1024px\" \/><\/a><\/figure>\n<\/figure>\n\n\n\n<h2 class=\"wp-block-heading has-text-align-center\"><a href=\"https:\/\/www.wtb.com\/\" target=\"_blank\" rel=\"noopener\" title=\"\">Pneus WTB Riddler 700\u00d745 et selle Silverado <\/a><\/h2>\n\n\n\n<p>Con\u00e7u pour une vitesse constante dans une grande vari\u00e9t\u00e9 de conditions, le Riddler offre une efficacit\u00e9 rapide pour les cyclistes qui privil\u00e9gient l\u2019adh\u00e9rence tout en visant \u00e0 mener le peloton \u00e0 la fin d\u2019une longue sortie. Que vous affrontiez un parcours local de cyclocross, exploriez des routes gravillonn\u00e9es secondaires ou r\u00e9alisiez de longues sorties sur chemins de terre, le Riddler maintient vos jambes au meilleur de leurs performances pendant des heures.<\/p>\n\n\n\n<p>La selle Silverado mise \u00e0 jour compl\u00e8te parfaitement le Riddler. Avec ses 265 millim\u00e8tres, elle int\u00e8gre la technologie Fusion Form, qui ajuste la base en nylon pour un \u00e9quilibre id\u00e9al entre confort, soutien et durabilit\u00e9. Le rembourrage est encastr\u00e9 dans la base pour un look moderne et \u00e9pur\u00e9, sans compromettre le confort que les cyclistes appr\u00e9cient et connaissent bien.<\/p>\n\n\n\n<h2 class=\"wp-block-heading has-text-align-center has-black-color has-text-color\">Tableau des tailles<\/h2>\n\n\n\n<figure class=\"wp-block-image aligncenter size-full is-resized\"><img decoding=\"async\" src=\"https:\/\/lckdnlded.com\/wp-content\/uploads\/2026\/02\/newaygo_chart-1-1.jpg\" alt=\"\" class=\"wp-image-7129\" style=\"aspect-ratio:1.2940239726027398;width:607px;height:auto\"\/><\/figure>\n\n\n\n<p class=\"translation-block\">Veuillez nous contacter pour plus de d\u00e9tails \u00e0 <a href=\"mailto:info@lckdnlded.com\" title=\"\" target=\"_self\">info@lckdnlded.com<\/a><\/p>\n\n\n\n<p><\/p>","protected":false},"excerpt":{"rendered":"<p>The Newaygo is engineered to deliver one of the best price, quality, and components combination on the market in its class, pairing a 6061-T6 aluminum frame and carbon fork with premium drivetrain, wheelset, and tire components to ensure performance, versatility, and durability. What\u2019s new with this model? Why is it called the Newaygo? A tribute &hellip; <\/p>\n<p class=\"link-more\"><a href=\"https:\/\/lckdnlded.com\/fr\/newaygo\/\" class=\"more-link\">Read more<span class=\"screen-reader-text\"> &#8220;Newaygo&#8221;<\/span><\/a><\/p>","protected":false},"author":1,"featured_media":7080,"parent":0,"menu_order":0,"comment_status":"closed","ping_status":"closed","template":"","meta":{"om_disable_all_campaigns":false,"_monsterinsights_skip_tracking":false,"_monsterinsights_sitenote_active":false,"_monsterinsights_sitenote_note":"","_monsterinsights_sitenote_category":0,"inspiro_hide_title":false,"footnotes":""},"class_list":["post-7039","page","type-page","status-publish","has-post-thumbnail","hentry"],"aioseo_notices":[],"featured_media_urls":{"thumbnail":["https:\/\/lckdnlded.com\/wp-content\/uploads\/2025\/12\/newaygo_allday_new-150x150.jpg",150,150,true],"medium":["https:\/\/lckdnlded.com\/wp-content\/uploads\/2025\/12\/newaygo_allday_new-300x169.jpg",300,169,true],"medium_large":["https:\/\/lckdnlded.com\/wp-content\/uploads\/2025\/12\/newaygo_allday_new.jpg",768,432,false],"large":["https:\/\/lckdnlded.com\/wp-content\/uploads\/2025\/12\/newaygo_allday_new-1024x576.jpg",950,534,true],"1536x1536":["https:\/\/lckdnlded.com\/wp-content\/uploads\/2025\/12\/newaygo_allday_new-1536x864.jpg",1536,864,true],"2048x2048":["https:\/\/lckdnlded.com\/wp-content\/uploads\/2025\/12\/newaygo_allday_new.jpg",1920,1080,false],"trp-custom-language-flag":["https:\/\/lckdnlded.com\/wp-content\/uploads\/2025\/12\/newaygo_allday_new-18x10.jpg",18,10,true],"inspiro-featured-image":["https:\/\/lckdnlded.com\/wp-content\/uploads\/2025\/12\/newaygo_allday_new.jpg",1920,1080,false],"inspiro-loop":["https:\/\/lckdnlded.com\/wp-content\/uploads\/2025\/12\/newaygo_allday_new-950x320.jpg",950,320,true],"inspiro-loop@2x":["https:\/\/lckdnlded.com\/wp-content\/uploads\/2025\/12\/newaygo_allday_new-1900x640.jpg",1900,640,true],"portfolio_item-thumbnail":["https:\/\/lckdnlded.com\/wp-content\/uploads\/2025\/12\/newaygo_allday_new-600x400.jpg",600,400,true],"portfolio_item-thumbnail@2x":["https:\/\/lckdnlded.com\/wp-content\/uploads\/2025\/12\/newaygo_allday_new-1200x800.jpg",1200,800,true],"portfolio_item-masonry":["https:\/\/lckdnlded.com\/wp-content\/uploads\/2025\/12\/newaygo_allday_new-600x338.jpg",600,338,true],"portfolio_item-masonry@2x":["https:\/\/lckdnlded.com\/wp-content\/uploads\/2025\/12\/newaygo_allday_new-1200x675.jpg",1200,675,true],"portfolio_item-thumbnail_cinema":["https:\/\/lckdnlded.com\/wp-content\/uploads\/2025\/12\/newaygo_allday_new-800x335.jpg",800,335,true],"portfolio_item-thumbnail_portrait":["https:\/\/lckdnlded.com\/wp-content\/uploads\/2025\/12\/newaygo_allday_new-600x900.jpg",600,900,true],"portfolio_item-thumbnail_portrait@2x":["https:\/\/lckdnlded.com\/wp-content\/uploads\/2025\/12\/newaygo_allday_new-1200x1080.jpg",1200,1080,true],"portfolio_item-thumbnail_square":["https:\/\/lckdnlded.com\/wp-content\/uploads\/2025\/12\/newaygo_allday_new-800x800.jpg",800,800,true]},"brizy_media":[],"_links":{"self":[{"href":"https:\/\/lckdnlded.com\/fr\/wp-json\/wp\/v2\/pages\/7039","targetHints":{"allow":["GET"]}}],"collection":[{"href":"https:\/\/lckdnlded.com\/fr\/wp-json\/wp\/v2\/pages"}],"about":[{"href":"https:\/\/lckdnlded.com\/fr\/wp-json\/wp\/v2\/types\/page"}],"author":[{"embeddable":true,"href":"https:\/\/lckdnlded.com\/fr\/wp-json\/wp\/v2\/users\/1"}],"replies":[{"embeddable":true,"href":"https:\/\/lckdnlded.com\/fr\/wp-json\/wp\/v2\/comments?post=7039"}],"version-history":[{"count":5,"href":"https:\/\/lckdnlded.com\/fr\/wp-json\/wp\/v2\/pages\/7039\/revisions"}],"predecessor-version":[{"id":7130,"href":"https:\/\/lckdnlded.com\/fr\/wp-json\/wp\/v2\/pages\/7039\/revisions\/7130"}],"wp:featuredmedia":[{"embeddable":true,"href":"https:\/\/lckdnlded.com\/fr\/wp-json\/wp\/v2\/media\/7080"}],"wp:attachment":[{"href":"https:\/\/lckdnlded.com\/fr\/wp-json\/wp\/v2\/media?parent=7039"}],"curies":[{"name":"wp","href":"https:\/\/api.w.org\/{rel}","templated":true}]}}